{"id":278,"date":"2023-07-04T14:24:01","date_gmt":"2023-07-04T14:24:01","guid":{"rendered":"https:\/\/irenepedagoga.es\/?page_id=278"},"modified":"2023-08-28T10:15:55","modified_gmt":"2023-08-28T10:15:55","slug":"valoraciones-psicopedagogicas","status":"publish","type":"page","link":"https:\/\/irenepedagoga.es\/?page_id=278","title":{"rendered":"Peritaciones psicopedag\u00f3gicas"},"content":{"rendered":"<div id=\"cs-content\" class=\"cs-content\"><\/div>\n","protected":false},"excerpt":{"rendered":"<p>Evaluaciones psicopedag\u00f3gicas El informe servir\u00e1 para analizar el origen, contexto y consecuencias de trastornos del neurodesarrollo, dificultades del aprendizaje y altas capacidades intelectuales. Tambi\u00e9n para valorar necesidades acad\u00e9micas. Este informe aporta pruebas objetivas de las dificultades del menor y podr\u00e1 &#8230; <\/p>\n<div><a href=\"https:\/\/irenepedagoga.es\/?page_id=278\" class=\"more-link\">Read More<\/a><\/div>\n","protected":false},"author":1,"featured_media":0,"parent":0,"menu_order":0,"comment_status":"closed","ping_status":"closed","template":"","meta":{"_monsterinsights_skip_tracking":false,"_monsterinsights_sitenote_active":false,"_monsterinsights_sitenote_note":"","_monsterinsights_sitenote_category":0,"footnotes":""},"class_list":["post-278","page","type-page","status-publish","hentry","no-post-thumbnail"],"aioseo_notices":[],"_links":{"self":[{"href":"https:\/\/irenepedagoga.es\/index.php?rest_route=\/wp\/v2\/pages\/278","targetHints":{"allow":["GET"]}}],"collection":[{"href":"https:\/\/irenepedagoga.es\/index.php?rest_route=\/wp\/v2\/pages"}],"about":[{"href":"https:\/\/irenepedagoga.es\/index.php?rest_route=\/wp\/v2\/types\/page"}],"author":[{"embeddable":true,"href":"https:\/\/irenepedagoga.es\/index.php?rest_route=\/wp\/v2\/users\/1"}],"replies":[{"embeddable":true,"href":"https:\/\/irenepedagoga.es\/index.php?rest_route=%2Fwp%2Fv2%2Fcomments&post=278"}],"version-history":[{"count":11,"href":"https:\/\/irenepedagoga.es\/index.php?rest_route=\/wp\/v2\/pages\/278\/revisions"}],"predecessor-version":[{"id":691,"href":"https:\/\/irenepedagoga.es\/index.php?rest_route=\/wp\/v2\/pages\/278\/revisions\/691"}],"wp:attachment":[{"href":"https:\/\/irenepedagoga.es\/index.php?rest_route=%2Fwp%2Fv2%2Fmedia&parent=278"}],"curies":[{"name":"wp","href":"https:\/\/api.w.org\/{rel}","templated":true}]}}