{"id":479,"date":"2023-07-18T14:55:03","date_gmt":"2023-07-18T14:55:03","guid":{"rendered":"https:\/\/irenepedagoga.es\/?page_id=479"},"modified":"2024-04-16T10:40:57","modified_gmt":"2024-04-16T10:40:57","slug":"aviso-legal","status":"publish","type":"page","link":"https:\/\/irenepedagoga.es\/?page_id=479","title":{"rendered":"Aviso legal"},"content":{"rendered":"<div id=\"cs-content\" class=\"cs-content\"><div class=\"x-section e479-e1 mdb-0\"><div class=\"x-row x-container max width e479-e2 mdb-1 mdb-2\"><div class=\"x-row-inner\"><div class=\"x-col e479-e3 mdb-3\"><div class=\"x-text x-content e479-e4 mdb-4\"><ol>\n \t<li>IRENE BA\u00d1\u00d3 P\u00c9REZ, en cumplimiento de la\u00a0Ley 34\/2002,\u00a0de 11 de julio,\u00a0de servicios de la sociedad de la informaci\u00f3n y de comercio electr\u00f3nico, le informa que:<\/li>\n<\/ol>\n<ul>\n \t<li>Su denominaci\u00f3n social es: IRENE BA\u00d1\u00d3 P\u00c9REZ<\/li>\n \t<li>Su NIF es: 71681553Y<\/li>\n \t<li>Tel\u00e9fono: 677125054<\/li>\n \t<li>Correo electr\u00f3nico: info@irenepedagoga.es<\/li>\n \t<li>Colegiada 2663. Colegio de pedagogos de Catalu\u00f1a.<\/li>\n \t<li>Para comunicarse con nosotros, ponemos a su disposici\u00f3n diferentes medios de contacto que encontrar\u00e1 en nuestra secci\u00f3n de Atenci\u00f3n al Cliente.<\/li>\n<\/ul>\n<p>A los efectos del presente Aviso Legal, IRENE BA\u00d1\u00d3 P\u00c9REZ se la denominar\u00e1, en adelante, \"empresa\".<\/p>\n\n<ol>\n \t<li>Le informamos que el sitio web\u00a0<a href=\"http:\/\/www.com\/\">www.irenepedagoga.es<\/a>\u00a0(en adelante, la \"Web\") tiene por objeto facilitar al p\u00fablico, en general, el conocimiento de las actividades que esta empresa realiza y de los productos y servicios que presta.<\/li>\n \t<li>De conformidad con lo establecido en el Reglamento General de Protecci\u00f3n de Datos (RGPD), garantizamos la seguridad y confidencialidad de los datos facilitados. Ver\u00a0<a href=\"https:\/\/www.izertis.com\/politica-de-privacidad\">Pol\u00edtica de privacidad y Protecci\u00f3n de Datos<\/a>.<\/li>\n \t<li>Los derechos de propiedad intelectual de la Web, su c\u00f3digo fuente, dise\u00f1o, estructura de navegaci\u00f3n, bases de datos y los distintos elementos en ella contenidos son titularidad de [la empresa], correspondi\u00e9ndonos el ejercicio exclusivo de los derechos de explotaci\u00f3n de estos en cualquier forma y, en especial, los derechos de reproducci\u00f3n, distribuci\u00f3n, comunicaci\u00f3n p\u00fablica, puesta a disposici\u00f3n y transformaci\u00f3n.<\/li>\n \t<li>Todo enlace de cualquier tercero a esta Web debe serlo a su p\u00e1gina principal o de entrada.<\/li>\n \t<li>LA EMPRESA no asume responsabilidad alguna derivada de la conexi\u00f3n o contenidos de los enlaces de terceros a los que se hace referencia en la Web.<\/li>\n \t<li>Respecto a las citas de productos y servicios de terceros, LA EMPRESA reconoce a favor de sus titulares los correspondientes derechos de propiedad industrial e intelectual, no implicando su sola menci\u00f3n o aparici\u00f3n en la Web la existencia de derechos ni de responsabilidad alguna sobre los mismos, como tampoco respaldo, patrocinio o recomendaci\u00f3n.<\/li>\n \t<li>La utilizaci\u00f3n no autorizada de la informaci\u00f3n contenida en esta Web, as\u00ed como la lesi\u00f3n de los derechos de Propiedad Intelectual o Industrial correspondientes, dar\u00e1 lugar a las responsabilidades legalmente establecidas.<\/li>\n \t<li>LA EMPRESA se reserva la facultad de efectuar, en cualquier momento y sin necesidad de previo aviso, modificaciones y actualizaciones de la informaci\u00f3n contenida en su Web o en la configuraci\u00f3n y presentaci\u00f3n de \u00e9sta.<\/li>\n \t<li>\u00a0LA EMPRESA no garantiza la inexistencia de errores en el acceso a la Web, en su contenido, ni que \u00e9ste se encuentre actualizado, aunque IRENE BA\u00d1\u00d3 P\u00c9REZ desarrollar\u00e1 sus mejores esfuerzos para, en su caso, evitarlos, subsanarlos o actualizarlos.<\/li>\n \t<li>LA EMPRESA utiliza t\u00e9cnicas de seguridad de la informaci\u00f3n generalmente aceptada en la industria, tales como firewalls, procedimientos de control de acceso y mecanismos criptogr\u00e1ficos, todo ello con el objeto de evitar el acceso no autorizado de datos. Para lograr estos fines, el usuario\/cliente acepta que el prestador obtenga datos para efecto de la correspondiente autenticaci\u00f3n de los controles de acceso. Todo proceso de contrataci\u00f3n o que conlleve la introducci\u00f3n de datos personales ser\u00e1n siempre transmitidos mediante protocolo de comunicaci\u00f3n segura de tal forma que ning\u00fan tercero tenga acceso a la informaci\u00f3n transmitida v\u00eda electr\u00f3nica.<\/li>\n \t<li>LA EMPRESA no se hace responsable de los posibles errores de seguridad que se puedan producir ni de los posibles da\u00f1os que puedan causarse al sistema inform\u00e1tico del Usuario (hardware y software), los ficheros o documentos almacenados en el mismo, como consecuencia de la presencia de virus en el ordenador del Usuario utilizado para la conexi\u00f3n a los servicios y contenidos de la Web, de un mal funcionamiento del navegador o del uso de versiones no actualizadas del mismo.<\/li>\n \t<li>LA EMPRESA y el Usuario, con renuncia expresa a cualquier otro fuero, se someten al de los juzgados y tribunales del domicilio del Usuario, para cualquier controversia que pudiera derivarse del acceso a esta Web. En el caso de que el Usuario tenga su domicilio fuera de Espa\u00f1a, IRENE BA\u00d1\u00d3 P\u00c9REZ y el Usuario se someten, con renuncia expresa a cualquier otro fuero, a los juzgados y tribunales pertenecientes al domicilio social de LA EMPRESA en Espa\u00f1a.<\/li>\n<\/ol><\/div><\/div><\/div><\/div><\/div><\/div>\n","protected":false},"excerpt":{"rendered":"<p>IRENE BA\u00d1\u00d3 P\u00c9REZ, en cumplimiento de la\u00a0Ley 34\/2002,\u00a0de 11 de julio,\u00a0de servicios de la sociedad de la informaci\u00f3n y de comercio electr\u00f3nico, le informa que: Su denominaci\u00f3n social es: IRENE BA\u00d1\u00d3 P\u00c9REZ Su NIF es: 71681553Y Tel\u00e9fono: 677125054 Correo electr\u00f3nico: &#8230; <\/p>\n<div><a href=\"https:\/\/irenepedagoga.es\/?page_id=479\" class=\"more-link\">Read More<\/a><\/div>\n","protected":false},"author":1,"featured_media":0,"parent":0,"menu_order":0,"comment_status":"closed","ping_status":"closed","template":"","meta":{"_monsterinsights_skip_tracking":false,"_monsterinsights_sitenote_active":false,"_monsterinsights_sitenote_note":"","_monsterinsights_sitenote_category":0,"footnotes":""},"class_list":["post-479","page","type-page","status-publish","hentry","no-post-thumbnail"],"aioseo_notices":[],"_links":{"self":[{"href":"https:\/\/irenepedagoga.es\/index.php?rest_route=\/wp\/v2\/pages\/479","targetHints":{"allow":["GET"]}}],"collection":[{"href":"https:\/\/irenepedagoga.es\/index.php?rest_route=\/wp\/v2\/pages"}],"about":[{"href":"https:\/\/irenepedagoga.es\/index.php?rest_route=\/wp\/v2\/types\/page"}],"author":[{"embeddable":true,"href":"https:\/\/irenepedagoga.es\/index.php?rest_route=\/wp\/v2\/users\/1"}],"replies":[{"embeddable":true,"href":"https:\/\/irenepedagoga.es\/index.php?rest_route=%2Fwp%2Fv2%2Fcomments&post=479"}],"version-history":[{"count":6,"href":"https:\/\/irenepedagoga.es\/index.php?rest_route=\/wp\/v2\/pages\/479\/revisions"}],"predecessor-version":[{"id":761,"href":"https:\/\/irenepedagoga.es\/index.php?rest_route=\/wp\/v2\/pages\/479\/revisions\/761"}],"wp:attachment":[{"href":"https:\/\/irenepedagoga.es\/index.php?rest_route=%2Fwp%2Fv2%2Fmedia&parent=479"}],"curies":[{"name":"wp","href":"https:\/\/api.w.org\/{rel}","templated":true}]}}