{"id":57,"date":"2019-02-16T16:22:06","date_gmt":"2019-02-16T16:22:06","guid":{"rendered":"https:\/\/irenepedagoga.es\/?page_id=57"},"modified":"2024-03-01T12:13:34","modified_gmt":"2024-03-01T12:13:34","slug":"demo-about","status":"publish","type":"page","link":"https:\/\/irenepedagoga.es\/?page_id=57","title":{"rendered":"Sobre m\u00ed"},"content":{"rendered":"<div id=\"cs-content\" class=\"cs-content\"><\/div>\n","protected":false},"excerpt":{"rendered":"<p>Vocaci\u00f3n, empat\u00eda y confianzaFormaci\u00f3nMi perfil Perito judicial en el \u00e1mbito psicopedag\u00f3gico graduada en Pedagog\u00eda. Universidad de Oviedo. M\u00e1ster universitario en formaci\u00f3n del profesorado en la especialidad de orientaci\u00f3n educativa. M\u00e1ster universitario en dificultades del aprendizaje y trastornos del lenguaje. Universidad &#8230; <\/p>\n<div><a href=\"https:\/\/irenepedagoga.es\/?page_id=57\" class=\"more-link\">Read More<\/a><\/div>\n","protected":false},"author":1,"featured_media":0,"parent":0,"menu_order":0,"comment_status":"closed","ping_status":"closed","template":"template-blank-4.php","meta":{"_monsterinsights_skip_tracking":false,"_monsterinsights_sitenote_active":false,"_monsterinsights_sitenote_note":"","_monsterinsights_sitenote_category":0,"footnotes":""},"class_list":["post-57","page","type-page","status-publish","hentry","no-post-thumbnail"],"aioseo_notices":[],"_links":{"self":[{"href":"https:\/\/irenepedagoga.es\/index.php?rest_route=\/wp\/v2\/pages\/57","targetHints":{"allow":["GET"]}}],"collection":[{"href":"https:\/\/irenepedagoga.es\/index.php?rest_route=\/wp\/v2\/pages"}],"about":[{"href":"https:\/\/irenepedagoga.es\/index.php?rest_route=\/wp\/v2\/types\/page"}],"author":[{"embeddable":true,"href":"https:\/\/irenepedagoga.es\/index.php?rest_route=\/wp\/v2\/users\/1"}],"replies":[{"embeddable":true,"href":"https:\/\/irenepedagoga.es\/index.php?rest_route=%2Fwp%2Fv2%2Fcomments&post=57"}],"version-history":[{"count":36,"href":"https:\/\/irenepedagoga.es\/index.php?rest_route=\/wp\/v2\/pages\/57\/revisions"}],"predecessor-version":[{"id":755,"href":"https:\/\/irenepedagoga.es\/index.php?rest_route=\/wp\/v2\/pages\/57\/revisions\/755"}],"wp:attachment":[{"href":"https:\/\/irenepedagoga.es\/index.php?rest_route=%2Fwp%2Fv2%2Fmedia&parent=57"}],"curies":[{"name":"wp","href":"https:\/\/api.w.org\/{rel}","templated":true}]}}