{"id":779,"date":"2024-04-16T11:15:04","date_gmt":"2024-04-16T11:15:04","guid":{"rendered":"https:\/\/irenepedagoga.es\/?page_id=779"},"modified":"2024-04-16T11:15:04","modified_gmt":"2024-04-16T11:15:04","slug":"politica-de-cookies","status":"publish","type":"page","link":"https:\/\/irenepedagoga.es\/?page_id=779","title":{"rendered":"Pol\u00edtica de cookies"},"content":{"rendered":"<div id=\"cs-content\" class=\"cs-content\"><div class=\"x-section e779-e1 mln-0\"><div class=\"x-row x-container max width e779-e2 mln-1 mln-2\"><div class=\"x-row-inner\"><div class=\"x-col e779-e3 mln-3\"><div class=\"x-text x-content e779-e4 mln-4\"><p><strong>POL\u00cdTICA DE COOKIES<\/strong><\/p>\n<p><strong>DEFINICION Y FUNCION GENERICA DE LAS COOKIES<\/strong><\/p>\n<p><strong>\u00bfQu\u00e9 son las cookies?<\/strong><\/p>\n<p>Las cookies y\/o tecnolog\u00edas similares son ficheros que se instalan en los soportes (pc, Tablet, Smartphone) cuando se navega por una web. Almacenan y recuperan informaci\u00f3n cuando navegas. En general, estas tecnolog\u00edas pueden servir para finalidades muy diversas, como, por ejemplo, reconocerte como usuario, obtener informaci\u00f3n sobre tus h\u00e1bitos de navegaci\u00f3n, o personalizar la forma en que se muestra el contenido.<\/p>\n<p>Los usos concretos de estas tecnolog\u00edas se describen a continuaci\u00f3n:<\/p>\n<p><strong>TIPOS DE COOKIES QUE SE UTILIZAN Y SU FINALIDAD<\/strong><\/p>\n<p><strong>Cookies t\u00e9cnicas<\/strong>. Las cookies t\u00e9cnicas son aquellas que permiten al usuario la navegaci\u00f3n a trav\u00e9s de una p\u00e1gina web, plataforma o aplicaci\u00f3n y la utilizaci\u00f3n de las diferentes opciones o servicios que en ella existan. Se consideran esenciales para el funcionamiento del sitio web y est\u00e1n exceptuadas del cumplimiento de las obligaciones establecidas en el art\u00edculo 22.2 de la LSSI, en concreto la obligaci\u00f3n de consentimiento expreso del usuario para su compilaci\u00f3n. Por ejemplo, llevar a cambio el proceso de compra de un art\u00edculo o remitir el formulario web.<\/p>\n<p>Tambi\u00e9n existen cookies t\u00e9cnicas referidas a la personalizaci\u00f3n que permiten recordar informaci\u00f3n para que el usuario acceda al servicio con determinadas caracter\u00edsticas que pueden diferenciar su experiencia a la de otros usuarios, como, por ejemplo, el idioma, el n\u00famero de resultados a mostrar cuando el usuario realiza una b\u00fasqueda, el aspecto o contenido del servicio en funci\u00f3n del tipo de navegador a trav\u00e9s del cual es usuario accede al servicio o de la regi\u00f3n desde la que accede al servicio. Si es el usuario quien elige esas caracter\u00edsticas (por ejemplo seleccionando el idioma), estas cookies estar\u00e1n exceptuadas del cumplimiento de las obligaciones establecidas en el art\u00edculo 22.2 de la LSSI, en concreto la obligaci\u00f3n de consentimiento expreso del usuario para su compilaci\u00f3n.<\/p>\n<p><strong>Esta web, propiedad de IRENE BA\u00d1\u00d3 P\u00c9REZ, utiliza cookies t\u00e9cnicas.<\/strong><\/p>\n<p><strong>\u00a0<\/strong><\/p>\n<p><strong>Cookies anal\u00edticas<\/strong>. Son aquellas que, bien tratadas por esta web o por terceros, permiten al responsable de estas el seguimiento y an\u00e1lisis del comportamiento de los usuarios de los sitios web a los que est\u00e1n vinculadas, pudiendo as\u00ed cuantificar el n\u00famero de usuarios, realizar la medici\u00f3n y an\u00e1lisis estad\u00edstico de la utilizaci\u00f3n que hacen los usuarios del servicio ofertado. Para ello se analiza su navegaci\u00f3n en nuestra p\u00e1gina web con el fin de mejorar la oferta de productos o servicios que le ofrecemos.<\/p>\n<p><strong>Esta web, propiedad de IRENE BA\u00d1\u00d3 P\u00c9REZ, utiliza cookies anal\u00edticas.<\/strong><\/p>\n<p><strong>Cookies de publicidad comportamental. <\/strong>Son aquellas que almacenan informaci\u00f3n del comportamiento de los usuarios obtenida a trav\u00e9s de la observaci\u00f3n continuada de sus h\u00e1bitos de navegaci\u00f3n, lo que permite desarrollar un perfil espec\u00edfico para mostrar publicidad en funci\u00f3n de este.<\/p>\n<p><strong>Esta web propiedad de IRENE BA\u00d1\u00d3 P\u00c9REZ, no utiliza cookies de publicidad comportamental.<\/strong><\/p>\n<p>Usted puede eliminar y bloquear todas las cookies de este sitio, pero parte del sitio no funcionar\u00e1 o la calidad de la p\u00e1gina web puede verse afectada.<\/p>\n<p>Puede usted permitir, bloquear o eliminar las cookies instaladas en su equipo mediante la configuraci\u00f3n de las opciones del navegador instalado en su ordenador. En la mayor\u00eda de los navegadores web se ofrece la posibilidad de permitir, bloquear o eliminar las cookies instaladas en su equipo.<\/p>\n<p>A continuaci\u00f3n, puede acceder a la configuraci\u00f3n de los navegadores webs m\u00e1s frecuentes para aceptar, instalar o desactivar las cookies:<\/p>\n\n<ul>\n \t<li>Chrome: <a href=\"https:\/\/policies.google.com\/technologies\/cookies?hl=es&amp;gl=es#managing-cookies\">https:\/\/policies.google.com\/technologies\/cookies?hl=es&amp;gl=es#managing-cookies<\/a><\/li>\n \t<li>Edge: <a href=\"https:\/\/support.microsoft.com\/es-es\/microsoft-edge\/eliminar-las-cookies-en-microsoft-edge-63947406-40ac-c3b8-57b9-2a946a29ae09\">https:\/\/support.microsoft.com\/es-es\/microsoft-edge\/eliminar-las-cookies-en-microsoft-edge-63947406-40ac-c3b8-57b9-2a946a29ae09<\/a><\/li>\n \t<li>Firefox: <a href=\"https:\/\/support.mozilla.org\/es\/kb\/proteccion-antirrastreo-mejorada-en-firefox-para-e\">https:\/\/support.mozilla.org\/es\/kb\/proteccion-antirrastreo-mejorada-en-firefox-para-e<\/a><\/li>\n \t<li>Safari: <a href=\"https:\/\/support.apple.com\/es-es\/guide\/safari\/sfri11471\/mac\">https:\/\/support.apple.com\/es-es\/guide\/safari\/sfri11471\/mac<\/a><\/li>\n \t<li>Opera: <a href=\"https:\/\/help.opera.com\/en\/latest\/web-preferences\/#cookies\">https:\/\/help.opera.com\/en\/latest\/web-preferences\/#cookies<\/a><\/li>\n<\/ul>\n<p>Si no desea ser rastreado por las cookies de Google Analytics, Google ha desarrollado un complemento para instalar en su navegador al que puede acceder en el siguiente enlace:\u00a0<a href=\"http:\/\/goo.gl\/up4ND\">http:\/\/goo.gl\/up4ND<\/a><\/p>\n<p>El usuario podr\u00e1, en cualquier momento, elegir qu\u00e9 cookies quiere que funcionen en este sitio web mediante:<\/p>\n\n<ol>\n \t<li>a) La configuraci\u00f3n del\u00a0<strong>navegador<\/strong>; (indicar enlace en cada navegador para habilitar o deshabilitar cookies)<\/li>\n \t<li>b) Herramientas de terceros, disponibles on line, que permiten a los usuarios detectar las\u00a0cookies\u00a0en cada sitio web que visita y gestionar su desactivaci\u00f3n.<\/li>\n<\/ol>\n<p>Ni esta web, ni sus representantes legales se hacen responsables ni del contenido ni de la veracidad de las pol\u00edticas de privacidad que puedan tener los terceros mencionados en esta pol\u00edtica de\u00a0cookies.<\/p>\n<p>La aceptaci\u00f3n de la presente pol\u00edtica implica que el usuario ha sido informado de una forma clara y completa sobre el uso de dispositivos de almacenamiento y recuperaci\u00f3n de datos (cookies) as\u00ed como que <strong>IRENE BA\u00d1\u00d3 P\u00c9REZ <\/strong>dispone del consentimiento del usuario para el uso de estas tal y como establece el art\u00edculo 22 de la Ley 34\/2002, de 11 de julio, de Servicios de la Sociedad de la Informaci\u00f3n y Comercio Electr\u00f3nico (LSSI-CE).<\/p>\n<p>Si tiene cualquier duda acerca de nuestra pol\u00edtica de cookies, puede contactar con esta p\u00e1gina web a trav\u00e9s de nuestros canales de Contacto o a trav\u00e9s del email\u00a0<strong>info@irenepedagoga.es<\/strong><\/p>\n<p>LINK <strong><u>AQU\u00cd <\/u><\/strong>\u201cCONFIGURACION\u201d<\/p>\n<p><strong>\u00a0<\/strong><\/p>\n<p><strong>CONFIGURACION DE COOKIES POR EL USUARIO.<\/strong><\/p>\n<p>En cumplimiento con lo dispuesto en el art\u00edculo 22.2 de la Ley 34\/2002, de 11 de julio, de Servicios de la Sociedad de la Informaci\u00f3n y de Comercio Electr\u00f3nico, esta p\u00e1gina web le informa, en esta secci\u00f3n, sobre la pol\u00edtica de recogida y tratamiento de cookies. Una cookie es un fichero que se descarga en su ordenador al acceder a determinadas p\u00e1ginas web. Las cookies permiten a una p\u00e1gina web, entre otras cosas, almacenar y recuperar informaci\u00f3n sobre los h\u00e1bitos de navegaci\u00f3n de un usuario o de su equipo y, dependiendo de la informaci\u00f3n que contengan y de la forma en que utilice su equipo, pueden utilizarse para reconocer al usuario. Puede cambiar estos ajustes en cualquier momento. Sin embargo, esto puede hacer que algunas funciones dejen de estar disponibles. Para obtener informaci\u00f3n sobre eliminar las cookies, por favor consulte la funci\u00f3n de ayuda de su navegador.<\/p>\n<p><strong>CLICA <u>AQU\u00cd<\/u> PARA MAS INFORMACION SOBRE LAS COOKIES QUE USAMOS.<\/strong><\/p>\n<p>LINK <strong><u>AQU\u00cd INFORMACION<\/u><\/strong><\/p>\n<p><strong><u>\u00a0<\/u><\/strong><\/p>\n<p><strong>COOKIES NECESARIAS PARA EL FUNCIONAMIENTO DEL SITIO WEB -NO CONFIGURABLES-<\/strong><\/p>\n<p>En esta web, propiedad de <strong>IRENE BA\u00d1\u00d3 P\u00c9REZ <\/strong>utilizamos <strong>cookies t\u00e9cnicas y de personalizaci\u00f3n por el usuario<\/strong> cuya funci\u00f3n es permitir la navegaci\u00f3n a trav\u00e9s de la p\u00e1gina web, plataforma o aplicaci\u00f3n, la utilizaci\u00f3n de las diferentes opciones o servicios que en ella existan y diferenciar su experiencia de la de otros usuarios. <strong><u>Estas cookies se consideran esenciales y necesarias para el funcionamiento del sitio web y est\u00e1n exceptuadas del cumplimiento de las obligaciones establecidas en el art\u00edculo 22.2 de la LSSI, en concreto la obligaci\u00f3n de consentimiento expreso del usuario para su compilaci\u00f3n.<\/u><\/strong><\/p>\n<p><strong>\u00a0<\/strong><\/p>\n<p><strong>USTED PUEDE CONFIGURAR LAS COOKIES UTILIZADOS EN ESTA WEB<\/strong><\/p>\n<p><strong>En este sitio web propiedad de IRENE BA\u00d1\u00d3 P\u00c9REZ utilizamos Cookies anal\u00edticas<\/strong>. Son aquellas que, bien tratadas por esta web o por terceros, permiten al responsable de estas el seguimiento y an\u00e1lisis del comportamiento de los usuarios de los sitios web a los que est\u00e1n vinculadas, pudiendo as\u00ed cuantificar el n\u00famero de usuarios, realizar la medici\u00f3n y an\u00e1lisis estad\u00edstico de la utilizaci\u00f3n que hacen los usuarios del servicio ofertado. Para ello se analiza su navegaci\u00f3n en nuestra p\u00e1gina web con el fin de mejorar la oferta de productos o servicios que le ofrecemos.<\/p>\n<p>\u2610\u00a0\u00a0 <strong>ACEPTAR COOKIES ANALITICAS<\/strong> \u00a0\u00a0\u00a0\u00a0\u00a0\u00a0\u00a0\u00a0\u00a0 \u2610\u00a0\u00a0 <strong>RECHAZAR COOKIES ANALITICAS<\/strong><\/p>\n<p><strong>En este sitio web propiedad de IRENE BA\u00d1\u00d3 P\u00c9REZ utilizamos Cookies de publicidad comportamental. <\/strong>Son aquellas que almacenan informaci\u00f3n del comportamiento de los usuarios obtenida a trav\u00e9s de la observaci\u00f3n continuada de sus h\u00e1bitos de navegaci\u00f3n, lo que permite desarrollar un perfil espec\u00edfico para mostrar publicidad en funci\u00f3n de este.<\/p>\n<p>\u2610\u00a0\u00a0 <strong>ACEPTAR COOKIES DE PUBLICIDAD COMPORTAMENTAL<\/strong><\/p>\n<p>\u2610\u00a0\u00a0 <strong>RECHAZAR COOKIES DE PUBLICIDAD COMPORTAMENTAL<\/strong><\/p><\/div><\/div><\/div><\/div><\/div><\/div>\n","protected":false},"excerpt":{"rendered":"<p>POL\u00cdTICA DE COOKIES DEFINICION Y FUNCION GENERICA DE LAS COOKIES \u00bfQu\u00e9 son las cookies? Las cookies y\/o tecnolog\u00edas similares son ficheros que se instalan en los soportes (pc, Tablet, Smartphone) cuando se navega por una web. Almacenan y recuperan informaci\u00f3n &#8230; <\/p>\n<div><a href=\"https:\/\/irenepedagoga.es\/?page_id=779\" class=\"more-link\">Read More<\/a><\/div>\n","protected":false},"author":1,"featured_media":0,"parent":0,"menu_order":0,"comment_status":"closed","ping_status":"closed","template":"template-blank-4.php","meta":{"_monsterinsights_skip_tracking":false,"_monsterinsights_sitenote_active":false,"_monsterinsights_sitenote_note":"","_monsterinsights_sitenote_category":0,"footnotes":""},"class_list":["post-779","page","type-page","status-publish","hentry","no-post-thumbnail"],"aioseo_notices":[],"_links":{"self":[{"href":"https:\/\/irenepedagoga.es\/index.php?rest_route=\/wp\/v2\/pages\/779","targetHints":{"allow":["GET"]}}],"collection":[{"href":"https:\/\/irenepedagoga.es\/index.php?rest_route=\/wp\/v2\/pages"}],"about":[{"href":"https:\/\/irenepedagoga.es\/index.php?rest_route=\/wp\/v2\/types\/page"}],"author":[{"embeddable":true,"href":"https:\/\/irenepedagoga.es\/index.php?rest_route=\/wp\/v2\/users\/1"}],"replies":[{"embeddable":true,"href":"https:\/\/irenepedagoga.es\/index.php?rest_route=%2Fwp%2Fv2%2Fcomments&post=779"}],"version-history":[{"count":3,"href":"https:\/\/irenepedagoga.es\/index.php?rest_route=\/wp\/v2\/pages\/779\/revisions"}],"predecessor-version":[{"id":782,"href":"https:\/\/irenepedagoga.es\/index.php?rest_route=\/wp\/v2\/pages\/779\/revisions\/782"}],"wp:attachment":[{"href":"https:\/\/irenepedagoga.es\/index.php?rest_route=%2Fwp%2Fv2%2Fmedia&parent=779"}],"curies":[{"name":"wp","href":"https:\/\/api.w.org\/{rel}","templated":true}]}}